{"id":171,"date":"2018-12-14T21:11:28","date_gmt":"2018-12-14T21:11:28","guid":{"rendered":"http:\/\/whitespace.divisoupdemos.com\/?page_id=13438"},"modified":"2024-02-07T12:54:46","modified_gmt":"2024-02-07T12:54:46","slug":"arak","status":"publish","type":"page","link":"https:\/\/krausznikiphotography.hu\/index.php\/arak\/","title":{"rendered":"\u00c1rak"},"content":{"rendered":"<p>[et_pb_section fb_built=&#8221;1&#8243; _builder_version=&#8221;4.23.1&#8243; _module_preset=&#8221;default&#8221; global_colors_info=&#8221;{}&#8221;][et_pb_row column_structure=&#8221;1_2,1_2&#8243; _builder_version=&#8221;4.23.1&#8243; _module_preset=&#8221;default&#8221; global_colors_info=&#8221;{}&#8221;][et_pb_column type=&#8221;1_2&#8243; _builder_version=&#8221;4.23.1&#8243; _module_preset=&#8221;default&#8221; global_colors_info=&#8221;{}&#8221;][et_pb_image src=&#8221;https:\/\/krausznikiphotography.hu\/wp-content\/uploads\/2024\/01\/arak1.jpg&#8221; title_text=&#8221;\u00e1rak1&#8243; _builder_version=&#8221;4.23.1&#8243; _module_preset=&#8221;default&#8221; global_colors_info=&#8221;{}&#8221;][\/et_pb_image][\/et_pb_column][et_pb_column type=&#8221;1_2&#8243; _builder_version=&#8221;4.23.1&#8243; _module_preset=&#8221;default&#8221; global_colors_info=&#8221;{}&#8221;][et_pb_text _builder_version=&#8221;4.23.1&#8243; _module_preset=&#8221;default&#8221; global_colors_info=&#8221;{}&#8221;]<\/p>\n<p><strong>Mini csomag :<\/strong><\/p>\n<p>50 perc fot\u00f3z\u00e1s<\/p>\n<p>2 szett ruha<\/p>\n<p>20 db fot\u00f3<\/p>\n<p>10 db retus\u00e1lt fot\u00f3<\/p>\n<p>\u00c1ra: 50.000.- Ft<\/p>\n<p>[\/et_pb_text][\/et_pb_column][\/et_pb_row][et_pb_row column_structure=&#8221;1_2,1_2&#8243; _builder_version=&#8221;4.23.1&#8243; _module_preset=&#8221;default&#8221; global_colors_info=&#8221;{}&#8221;][et_pb_column type=&#8221;1_2&#8243; _builder_version=&#8221;4.23.1&#8243; _module_preset=&#8221;default&#8221; global_colors_info=&#8221;{}&#8221;][et_pb_text _builder_version=&#8221;4.23.1&#8243; _module_preset=&#8221;default&#8221; global_colors_info=&#8221;{}&#8221;]<\/p>\n<p style=\"text-align: right;\"><strong>Norm\u00e1l csomag<\/strong> :<\/p>\n<p style=\"text-align: right;\">50 perc fot\u00f3z\u00e1s<br \/>2 szett ruha<\/p>\n<p style=\"text-align: right;\">30 db fot\u00f3<\/p>\n<p style=\"text-align: right;\">15 db retus\u00e1lt fot\u00f3<br \/>aj\u00e1nd\u00e9k fekete-feh\u00e9r k\u00e9pek<\/p>\n<p style=\"text-align: right;\">\u00c1ra: 70.000.- Ft<\/p>\n<p>[\/et_pb_text][\/et_pb_column][et_pb_column type=&#8221;1_2&#8243; _builder_version=&#8221;4.23.1&#8243; _module_preset=&#8221;default&#8221; global_colors_info=&#8221;{}&#8221;][et_pb_image src=&#8221;https:\/\/krausznikiphotography.hu\/wp-content\/uploads\/2024\/01\/arak2.jpg&#8221; title_text=&#8221;\u00e1rak2&#8243; _builder_version=&#8221;4.23.1&#8243; _module_preset=&#8221;default&#8221; global_colors_info=&#8221;{}&#8221;][\/et_pb_image][\/et_pb_column][\/et_pb_row][et_pb_row column_structure=&#8221;1_2,1_2&#8243; _builder_version=&#8221;4.23.1&#8243; _module_preset=&#8221;default&#8221; global_colors_info=&#8221;{}&#8221;][et_pb_column type=&#8221;1_2&#8243; _builder_version=&#8221;4.23.1&#8243; _module_preset=&#8221;default&#8221; global_colors_info=&#8221;{}&#8221;][et_pb_image src=&#8221;https:\/\/krausznikiphotography.hu\/wp-content\/uploads\/2024\/01\/arak3.jpg&#8221; title_text=&#8221;\u00e1rak3&#8243; _builder_version=&#8221;4.23.1&#8243; _module_preset=&#8221;default&#8221; global_colors_info=&#8221;{}&#8221;][\/et_pb_image][\/et_pb_column][et_pb_column type=&#8221;1_2&#8243; _builder_version=&#8221;4.23.1&#8243; _module_preset=&#8221;default&#8221; global_colors_info=&#8221;{}&#8221;][et_pb_text _builder_version=&#8221;4.23.1&#8243; _module_preset=&#8221;default&#8221; global_colors_info=&#8221;{}&#8221;]<\/p>\n<p><strong>Pr\u00e9mium csomag<\/strong> :<\/p>\n<p>120 perc fot\u00f3z\u00e1s<br \/>3-4 szett ruha<\/p>\n<p>50 db fot\u00f3<br \/>20 db retus\u00e1lt fot\u00f3<br \/>aj\u00e1nd\u00e9k fekete-feh\u00e9r k\u00e9pek<\/p>\n<p>\u00c1ra: 100.000.- Ft<\/p>\n<p>[\/et_pb_text][\/et_pb_column][\/et_pb_row][et_pb_row column_structure=&#8221;1_2,1_2&#8243; _builder_version=&#8221;4.23.1&#8243; _module_preset=&#8221;default&#8221; global_colors_info=&#8221;{}&#8221;][et_pb_column type=&#8221;1_2&#8243; _builder_version=&#8221;4.23.1&#8243; _module_preset=&#8221;default&#8221; global_colors_info=&#8221;{}&#8221;][et_pb_text _builder_version=&#8221;4.23.1&#8243; _module_preset=&#8221;default&#8221; hover_enabled=&#8221;0&#8243; global_colors_info=&#8221;{}&#8221; sticky_enabled=&#8221;0&#8243;]<\/p>\n<p style=\"text-align: right;\"><strong>\u00dajsz\u00fcl\u00f6tt fot\u00f3z\u00e1s<\/strong>:<\/p>\n<p style=\"text-align: right;\">2-3 \u00f3ra fot\u00f3z\u00e1s<\/p>\n<p style=\"text-align: right;\">30 db fot\u00f3<br \/>15 retus\u00e1lt fot\u00f3<\/p>\n<p style=\"text-align: right;\">\u00c1ra: 50 000 Ft<\/p>\n<p>[\/et_pb_text][\/et_pb_column][et_pb_column type=&#8221;1_2&#8243; _builder_version=&#8221;4.23.1&#8243; _module_preset=&#8221;default&#8221; global_colors_info=&#8221;{}&#8221;][et_pb_image src=&#8221;https:\/\/krausznikiphotography.hu\/wp-content\/uploads\/2024\/01\/arak4-scaled.jpg&#8221; title_text=&#8221;\u00e1rak4&#8243; _builder_version=&#8221;4.23.1&#8243; _module_preset=&#8221;default&#8221; global_colors_info=&#8221;{}&#8221;][\/et_pb_image][\/et_pb_column][\/et_pb_row][et_pb_row _builder_version=&#8221;4.23.1&#8243; _module_preset=&#8221;default&#8221; global_colors_info=&#8221;{}&#8221;][et_pb_column type=&#8221;4_4&#8243; _builder_version=&#8221;4.23.1&#8243; _module_preset=&#8221;default&#8221; global_colors_info=&#8221;{}&#8221;][et_pb_text _builder_version=&#8221;4.23.1&#8243; _module_preset=&#8221;default&#8221; global_colors_info=&#8221;{}&#8221;]<\/p>\n<p>Az \u00e1rak NEM tartalmazz\u00e1k a v\u00e1lasztott st\u00fadi\u00f3 k\u00f6lts\u00e9g\u00e9t, ami kb. 10-12 000 Ft<\/p>\n<p>A csomagon fel\u00fcl minden tov\u00e1bbi k\u00e9p retus\u00e1l\u00e1sa 1500 Ft.<\/p>\n<p>&nbsp;<\/p>\n<p>Sminkesk\u00e9nt egy profi szakembert, Bogd\u00e1n M\u00e1rtit tudom aj\u00e1nlani, akivel m\u00e1r sz\u00e1mos alkalommal dolgoztam egy\u00fctt:<\/p>\n<blockquote>\n<p><span>Bogd\u00e1n M\u00e1rti vagyok es 7 \u00e9ve foglalkozom sminkel\u00e9ssel profi szinten, ez\u00e1ltal -tal\u00e1n meglep\u0151nek t\u0171nik &#8211; pszichol\u00f3gi\u00e1val is. Gyermekkorom \u00f3ta \u00e9rdekel a smink, r\u00e9gebben rajzoltam \u00e9s k\u00e9peket festettem de az arcok soksz\u00edn\u0171s\u00e9ge \u00e9s text\u00far\u00e1ja sz\u00e1momra nagyon izgalmas.<\/span><\/p>\n<p><span> Kipr\u00f3b\u00e1ltam m\u00e1r magam forgat\u00e1sokon, divatbemutat\u00f3n \u00e9s speci\u00e1lis effektekben is, m\u00e9gis az esk\u00fcv\u0151i \u00e9s csal\u00e1di fot\u00f3z\u00e1sok \u00e1llnak sz\u00edvemhez a legk\u00f6zelebb illetve a \u201cmake yourself up\u201d workshopok, ahol megtan\u00edtom vend\u00e9geimet a mindennapi egyszer\u0171 smink felvitel\u00e9re, hogy mindenki magabiztosabbnak \u00e9rezze mag\u00e1t \u00e9s b\u00e1tran el\u0151hozza n\u0151iess\u00e9g\u00e9t az\u00e1ltal, hogy j\u00e1tszik a sz\u00ednekkel \u00e9s text\u00far\u00e1kkal az arc\u00e1n. <\/span><\/p>\n<p><span>\u00c9s hogy mi\u00e9rt fontos sz\u00e1momra a csal\u00e1di \u00e9s esk\u00fcv\u0151i sminkel\u00e9s? Mert r\u00e9sze lenni egy csal\u00e1d meghat\u00e1roz\u00f3 esem\u00e9ny\u00e9nek nagyon megtisztel\u0151, sokszor vicces, nagyon sokszor meghat\u00f3 \u00e9s n\u00e9ha k\u00e1oszos. Ez az a r\u00e9sze a munk\u00e1mnak, amit a legjobban szeretek. Rendszert \u00e9s nyugalmat mutatni egy felfokozott helyzetben. Bar\u00e1ts\u00e1gos k\u00f6rnyezetet teremtve seg\u00edtek abban, hogy mindenki az elk\u00e9pzel\u00e9s\u00e9nek megfelel\u0151 sminket kapja meg, feszeng\u00e9s n\u00e9lk\u00fcl, k\u00f6zvetlen hangulatban. <\/span><\/p>\n<p><span>Munk\u00e1mban a term\u00e9szetess\u00e9gre t\u00f6rekszem, klasszikus st\u00edlusjegyeket \u00e9s \u00e9s id\u0151t\u00e1ll\u00f3, hordhat\u00f3 sminket k\u00e9sz\u00edtek. Fontosnak tartom, hogy az archoz igaz\u00edtsam a sminket \u00e9s nem ford\u00edtva. Probl\u00e9m\u00e1s \u00e9s \u00e9rz\u00e9keny b\u0151r\u0171, vagy \u201cno makeup makeup-ra\u201d v\u00e1gy\u00f3 vend\u00e9geket is sok szeretettel v\u00e1rok. <\/span><\/p>\n<p><span>L\u00e1togass el az oldalamra l\u00e9pj velem kapcsolatba \u00e9s megval\u00f3s\u00edtjuk az elk\u00e9pzel\u00e9sed. <\/span><\/p>\n<p><span>Az \u00e1rakat egyedileg szabjuk minden kedves vend\u00e9g\u00fcnk sz\u00e1m\u00e1ra. <\/span><\/p>\n<p><span>\u00a0Portr\u00e9 smink: 45 perc <\/span><\/p>\n<p><span>Glamour smink: 60 perc <\/span><\/p>\n<p><span>J<\/span><span>egyes fot\u00f3z\u00e1s: 60 perc<\/span><\/p>\n<p><span> Tematikus fot\u00f3z\u00e1s: 60 perc<\/span><\/p>\n<\/blockquote>\n<p>[\/et_pb_text][\/et_pb_column][\/et_pb_row][\/et_pb_section]<\/p>\n","protected":false},"excerpt":{"rendered":"<p>Mini csomag : 50 perc fot\u00f3z\u00e1s 2 szett ruha 20 db fot\u00f3 10 db retus\u00e1lt fot\u00f3 \u00c1ra: 50.000.- FtNorm\u00e1l csomag : 50 perc fot\u00f3z\u00e1s2 szett ruha 30 db fot\u00f3 15 db retus\u00e1lt fot\u00f3aj\u00e1nd\u00e9k fekete-feh\u00e9r k\u00e9pek \u00c1ra: 70.000.- FtPr\u00e9mium csomag : 120 perc fot\u00f3z\u00e1s3-4 szett ruha 50 db fot\u00f320 db retus\u00e1lt fot\u00f3aj\u00e1nd\u00e9k fekete-feh\u00e9r k\u00e9pek \u00c1ra: 100.000.- [&hellip;]<\/p>\n","protected":false},"author":1,"featured_media":0,"parent":0,"menu_order":0,"comment_status":"closed","ping_status":"closed","template":"","meta":{"_et_pb_use_builder":"on","_et_pb_old_content":"","_et_gb_content_width":"","footnotes":""},"class_list":["post-171","page","type-page","status-publish","hentry"],"_links":{"self":[{"href":"https:\/\/krausznikiphotography.hu\/index.php\/wp-json\/wp\/v2\/pages\/171","targetHints":{"allow":["GET"]}}],"collection":[{"href":"https:\/\/krausznikiphotography.hu\/index.php\/wp-json\/wp\/v2\/pages"}],"about":[{"href":"https:\/\/krausznikiphotography.hu\/index.php\/wp-json\/wp\/v2\/types\/page"}],"author":[{"embeddable":true,"href":"https:\/\/krausznikiphotography.hu\/index.php\/wp-json\/wp\/v2\/users\/1"}],"replies":[{"embeddable":true,"href":"https:\/\/krausznikiphotography.hu\/index.php\/wp-json\/wp\/v2\/comments?post=171"}],"version-history":[{"count":21,"href":"https:\/\/krausznikiphotography.hu\/index.php\/wp-json\/wp\/v2\/pages\/171\/revisions"}],"predecessor-version":[{"id":631,"href":"https:\/\/krausznikiphotography.hu\/index.php\/wp-json\/wp\/v2\/pages\/171\/revisions\/631"}],"wp:attachment":[{"href":"https:\/\/krausznikiphotography.hu\/index.php\/wp-json\/wp\/v2\/media?parent=171"}],"curies":[{"name":"wp","href":"https:\/\/api.w.org\/{rel}","templated":true}]}}