{"id":174,"date":"2018-12-14T16:59:35","date_gmt":"2018-12-14T16:59:35","guid":{"rendered":"http:\/\/whitespace.divisoupdemos.com\/?page_id=13271"},"modified":"2024-01-15T13:19:47","modified_gmt":"2024-01-15T13:19:47","slug":"gyik","status":"publish","type":"page","link":"https:\/\/krausznikiphotography.hu\/index.php\/gyik\/","title":{"rendered":"GYAKRAN ISM\u00c9TELT K\u00c9RD\u00c9SEK, GY.I.K"},"content":{"rendered":"<p>[et_pb_section fb_built=&#8221;1&#8243; _builder_version=&#8221;4.16&#8243; global_colors_info=&#8221;{}&#8221;][et_pb_row _builder_version=&#8221;4.23.1&#8243; _module_preset=&#8221;default&#8221; background_color=&#8221;#333333&#8243; custom_css_free_form=&#8221;h5.et_pb_toggle_title {||    color: red;||}&#8221; global_colors_info=&#8221;{}&#8221;][et_pb_column type=&#8221;4_4&#8243; _builder_version=&#8221;4.23.1&#8243; _module_preset=&#8221;default&#8221; global_colors_info=&#8221;{}&#8221;][et_pb_accordion open_toggle_background_color=&#8221;#333333&#8243; closed_toggle_background_color=&#8221;#333333&#8243; _builder_version=&#8221;4.23.1&#8243; _module_preset=&#8221;default&#8221; background_color=&#8221;#333333&#8243; hover_enabled=&#8221;0&#8243; global_colors_info=&#8221;{}&#8221; sticky_enabled=&#8221;0&#8243;][et_pb_accordion_item title=&#8221;Hogyan tudok jelentkezni fot\u00f3z\u00e1sra?&#8221; open=&#8221;on&#8221; _builder_version=&#8221;4.23.1&#8243; _module_preset=&#8221;default&#8221; border_width_all=&#8221;0px&#8221; global_colors_info=&#8221;{}&#8221;]<\/p>\n<p><span style=\"color: #a3a3a3;\">A honlapon a \u201eKapcsolat\u201d men\u00fcre kattintva lehet jelentkezni. 24 -72 \u00f3r\u00e1n bel\u00fcl<\/span><br \/><span style=\"color: #a3a3a3;\">igyekszem v\u00e1laszolni, h\u00e9tv\u00e9ge eset\u00e9n az els\u0151 munkanapon.<\/span><\/p>\n<p>[\/et_pb_accordion_item][et_pb_accordion_item title=&#8221;Mennyivel a fot\u00f3z\u00e1s el\u0151tt kell bejelentkeznem?&#8221; _builder_version=&#8221;4.23.1&#8243; _module_preset=&#8221;default&#8221; border_width_all=&#8221;0px&#8221; global_colors_info=&#8221;{}&#8221; open=&#8221;off&#8221;]<\/p>\n<p><span style=\"color: #a3a3a3;\">\u00c1ltal\u00e1noss\u00e1gban\u00a03-4 h\u00e9ttel a tervezett id\u0151pont el\u0151tt aj\u00e1nlott.<\/span><\/p>\n<p>[\/et_pb_accordion_item][et_pb_accordion_item title=&#8221;Mikor kapom meg a k\u00e9peket?&#8221; _builder_version=&#8221;4.23.1&#8243; _module_preset=&#8221;default&#8221; border_width_all=&#8221;0px&#8221; global_colors_info=&#8221;{}&#8221; open=&#8221;off&#8221;]<\/p>\n<p>A fot\u00f3z\u00e1st\u00f3l sz\u00e1m\u00edtott 2-3 h\u00e9t az \u00e1tad\u00e1si hat\u00e1rid\u0151.<\/p>\n<p>[\/et_pb_accordion_item][et_pb_accordion_item title=&#8221;H\u00e1ny k\u00e9pet kapok \u00e9s tudok-e a csomagon fel\u00fcl is digit\u00e1lis k\u00e9peket rendelni?&#8221; _builder_version=&#8221;4.23.1&#8243; _module_preset=&#8221;default&#8221; border_width_all=&#8221;0px&#8221; global_colors_info=&#8221;{}&#8221; open=&#8221;off&#8221;]<\/p>\n<p>A k\u00e9pek sz\u00e1ma a csomagotokt\u00f3l f\u00fcgg majd.\u00a0Mindig van lehet\u0151s\u00e9g arra, hogy m\u00e9g pluszban<br \/>rendeljetek\u00a0k\u00e9peket, vagy ak\u00e1r nagyobb csomagra v\u00e1ltsatok.<\/p>\n<p>[\/et_pb_accordion_item][et_pb_accordion_item title=&#8221;Sz\u00fcks\u00e9ges el\u0151leget fizetni foglal\u00e1skor?&#8221; _builder_version=&#8221;4.23.1&#8243; _module_preset=&#8221;default&#8221; border_width_all=&#8221;0px&#8221; global_colors_info=&#8221;{}&#8221; open=&#8221;off&#8221;]<\/p>\n<p>Igen sz\u00fcks\u00e9ges fizetni el\u0151leleget a foglal\u00e1skor. Az el\u0151leg jellemz\u0151en a kiv\u00e1lasztott st\u00fadi\u00f3 b\u00e9rleti<br \/>d\u00edj\u00e1nak \u00e9rt\u00e9ke. A foglal\u00e1s csak abban az esetben j\u00e1r vissza, ha a fot\u00f3z\u00e1s lemond\u00e1sa nem \u00fctk\u00f6zik<br \/>a foglalt st\u00fadi\u00f3 lemond\u00e1si felt\u00e9teleivel.<\/p>\n<p>[\/et_pb_accordion_item][et_pb_accordion_item title=&#8221;Nyers k\u00e9peket \u00e1tadod?&#8221; _builder_version=&#8221;4.23.1&#8243; _module_preset=&#8221;default&#8221; border_width_all=&#8221;0px&#8221; global_colors_info=&#8221;{}&#8221; open=&#8221;off&#8221;]<\/p>\n<p>Nem, nyers (raw) form\u00e1tum\u00fa k\u00e9peket semmilyen esetben nem adok \u00e1t.<br \/>A raw fot\u00f3 az \u00e9rz\u00e9kel\u0151b\u0151l\u00a0kiolvasott, mem\u00f3riak\u00e1rty\u00e1ra \u00edrt nyers adat. Nevezz\u00fck digit\u00e1lis<br \/>negat\u00edvnak. Ugyanaz, mint az anal\u00f3g technik\u00e1n\u00e1l az el\u0151h\u00edvatlan negat\u00edv, melyb\u0151l az ut\u00f3munka<br \/>sor\u00e1n lesz v\u00e9gleges, k\u00e9sz k\u00e9p.<\/p>\n<p>[\/et_pb_accordion_item][\/et_pb_accordion][\/et_pb_column][\/et_pb_row][\/et_pb_section]<\/p>\n","protected":false},"excerpt":{"rendered":"<p>A honlapon a \u201eKapcsolat\u201d men\u00fcre kattintva lehet jelentkezni. 24 -72 \u00f3r\u00e1n bel\u00fcligyekszem v\u00e1laszolni, h\u00e9tv\u00e9ge eset\u00e9n az els\u0151 munkanapon.\u00c1ltal\u00e1noss\u00e1gban\u00a03-4 h\u00e9ttel a tervezett id\u0151pont el\u0151tt aj\u00e1nlott.A fot\u00f3z\u00e1st\u00f3l sz\u00e1m\u00edtott 2-3 h\u00e9t az \u00e1tad\u00e1si hat\u00e1rid\u0151.A k\u00e9pek sz\u00e1ma a csomagotokt\u00f3l f\u00fcgg majd.\u00a0Mindig van lehet\u0151s\u00e9g arra, hogy m\u00e9g pluszbanrendeljetek\u00a0k\u00e9peket, vagy ak\u00e1r nagyobb csomagra v\u00e1ltsatok.Igen sz\u00fcks\u00e9ges fizetni el\u0151leleget a foglal\u00e1skor. Az el\u0151leg [&hellip;]<\/p>\n","protected":false},"author":1,"featured_media":0,"parent":0,"menu_order":0,"comment_status":"closed","ping_status":"closed","template":"","meta":{"_et_pb_use_builder":"on","_et_pb_old_content":"","_et_gb_content_width":"","footnotes":""},"class_list":["post-174","page","type-page","status-publish","hentry"],"_links":{"self":[{"href":"https:\/\/krausznikiphotography.hu\/index.php\/wp-json\/wp\/v2\/pages\/174","targetHints":{"allow":["GET"]}}],"collection":[{"href":"https:\/\/krausznikiphotography.hu\/index.php\/wp-json\/wp\/v2\/pages"}],"about":[{"href":"https:\/\/krausznikiphotography.hu\/index.php\/wp-json\/wp\/v2\/types\/page"}],"author":[{"embeddable":true,"href":"https:\/\/krausznikiphotography.hu\/index.php\/wp-json\/wp\/v2\/users\/1"}],"replies":[{"embeddable":true,"href":"https:\/\/krausznikiphotography.hu\/index.php\/wp-json\/wp\/v2\/comments?post=174"}],"version-history":[{"count":10,"href":"https:\/\/krausznikiphotography.hu\/index.php\/wp-json\/wp\/v2\/pages\/174\/revisions"}],"predecessor-version":[{"id":558,"href":"https:\/\/krausznikiphotography.hu\/index.php\/wp-json\/wp\/v2\/pages\/174\/revisions\/558"}],"wp:attachment":[{"href":"https:\/\/krausznikiphotography.hu\/index.php\/wp-json\/wp\/v2\/media?parent=174"}],"curies":[{"name":"wp","href":"https:\/\/api.w.org\/{rel}","templated":true}]}}