{"id":175,"date":"2018-12-14T10:33:02","date_gmt":"2018-12-14T10:33:02","guid":{"rendered":"http:\/\/whitespace.divisoupdemos.com\/?page_id=2"},"modified":"2024-01-15T13:16:06","modified_gmt":"2024-01-15T13:16:06","slug":"nyitolap","status":"publish","type":"page","link":"https:\/\/krausznikiphotography.hu\/","title":{"rendered":"Nyit\u00f3lap"},"content":{"rendered":"<p>[et_pb_section fb_built=&#8221;1&#8243; _builder_version=&#8221;4.23.1&#8243; global_colors_info=&#8221;{}&#8221;][et_pb_row module_class=&#8221; et_pb_row_fullwidth&#8221; _builder_version=&#8221;4.16&#8243; width=&#8221;89%&#8221; width_tablet=&#8221;80%&#8221; width_phone=&#8221;&#8221; width_last_edited=&#8221;on|desktop&#8221; max_width=&#8221;89%&#8221; max_width_tablet=&#8221;80%&#8221; max_width_phone=&#8221;&#8221; max_width_last_edited=&#8221;on|desktop&#8221; module_alignment=&#8221;center&#8221; custom_padding=&#8221;||0px&#8221; make_fullwidth=&#8221;on&#8221; global_colors_info=&#8221;{}&#8221;][et_pb_column type=&#8221;4_4&#8243; _builder_version=&#8221;4.16&#8243; custom_padding=&#8221;|||&#8221; global_colors_info=&#8221;{}&#8221; custom_padding__hover=&#8221;|||&#8221;][et_pb_slider show_arrows=&#8221;off&#8221; show_pagination=&#8221;off&#8221; _builder_version=&#8221;4.23.1&#8243; custom_padding=&#8221;41vh||42vh&#8221; auto=&#8221;on&#8221; auto_speed=&#8221;4000&#8243; auto_ignore_hover=&#8221;on&#8221; global_colors_info=&#8221;{}&#8221;][et_pb_slide _builder_version=&#8221;4.23.1&#8243; background_color=&#8221;RGBA(255,255,255,0)&#8221; background_enable_color=&#8221;on&#8221; background_image=&#8221;https:\/\/krausznikiphotography.hu\/wp-content\/uploads\/2024\/01\/kezdooldal-scaled.jpg&#8221; background_enable_image=&#8221;on&#8221; background_size=&#8221;contain&#8221; global_colors_info=&#8221;{}&#8221; sticky_transition=&#8221;on&#8221;][\/et_pb_slide][et_pb_slide _builder_version=&#8221;4.23.1&#8243; background_color=&#8221;#ffffff&#8221; background_image=&#8221;https:\/\/krausznikiphotography.hu\/wp-content\/uploads\/2024\/01\/Rolam-scaled.jpg&#8221; background_enable_image=&#8221;on&#8221; background_position=&#8221;top_right&#8221; global_colors_info=&#8221;{}&#8221; sticky_transition=&#8221;on&#8221;][\/et_pb_slide][\/et_pb_slider][\/et_pb_column][\/et_pb_row][et_pb_row module_class=&#8221; et_pb_row_fullwidth&#8221; _builder_version=&#8221;4.23.1&#8243; background_size=&#8221;initial&#8221; background_position=&#8221;top_left&#8221; background_repeat=&#8221;repeat&#8221; width=&#8221;89%&#8221; width_tablet=&#8221;80%&#8221; width_phone=&#8221;&#8221; width_last_edited=&#8221;on|desktop&#8221; max_width=&#8221;89%&#8221; max_width_tablet=&#8221;80%&#8221; max_width_phone=&#8221;&#8221; max_width_last_edited=&#8221;on|desktop&#8221; module_alignment=&#8221;center&#8221; custom_margin=&#8221;||-50px||false|false&#8221; make_fullwidth=&#8221;on&#8221; locked=&#8221;off&#8221; global_colors_info=&#8221;{}&#8221;][et_pb_column type=&#8221;4_4&#8243; _builder_version=&#8221;4.16&#8243; custom_padding=&#8221;|||&#8221; global_colors_info=&#8221;{}&#8221; custom_padding__hover=&#8221;|||&#8221;][et_pb_text _builder_version=&#8221;4.23.1&#8243; _module_preset=&#8221;default&#8221; text_text_color=&#8221;#a3a3a3&#8243; background_color=&#8221;#333333&#8243; transform_scale=&#8221;99%|99%&#8221; transform_translate=&#8221;80px|-127px&#8221; transform_translate_linked=&#8221;off&#8221; width=&#8221;75%&#8221; max_width=&#8221;100%&#8221; custom_margin=&#8221;|-90px|87px|||&#8221; custom_padding=&#8221;40px|40px|40px|40px|false|false&#8221; animation_style=&#8221;fade&#8221; hover_enabled=&#8221;0&#8243; global_colors_info=&#8221;{}&#8221; sticky_enabled=&#8221;0&#8243;]<\/p>\n<h1 style=\"color: #f4f4f4;\"><span style=\"color: #ffffff;\">R\u00f3lam<\/span><\/h1>\n<p><span style=\"color: #ffffff;\">Krausz Nikolett vagyok \u00e9s gyermekem sz\u00fclet\u00e9s\u00e9t k\u00f6vet\u0151en j\u00f6ttem r\u00e1, hogy a kor\u00e1bbiakhoz k\u00e9pest kreat\u00edvabb \u00e9s k\u00f6tetlenebb munk\u00e1t szeretn\u00e9k, amivel m\u00e1snak is \u00f6r\u00f6m\u00f6t tudok okozni. Kor\u00e1bbi munkahelyeim egyike sem adta azt a szabads\u00e1got, amit a fot\u00f3z\u00e1s.<\/span><br \/><span style=\"color: #ffffff;\">Mindig is szerettem emberekkel foglalkozni, valamint \u00e9rdekelt a divat, smink \u00e9s frizura, a sz\u00e9ps\u00e9gipar vil\u00e1ga is. A fot\u00f3z\u00e1sban mindezt megtal\u00e1ltam \u00e9s r\u00e1tal\u00e1ltam arra a hivat\u00e1sra, amire mindig is v\u00e1gytam.<\/span><br \/><span style=\"color: #ffffff;\">Minden egyes fot\u00f3z\u00e1s alkalm\u00e1val az a c\u00e9lom, hogy az elk\u00e9sz\u00fclt k\u00e9pek val\u00f3di t\u00f6rt\u00e9netet hordozzanak, mes\u00e9ljenek.<\/span><\/p>\n<p style=\"color: #a3a3a3;\"><span style=\"color: #ffffff;\">Szeretn\u00e9k id\u0151t\u00e1ll\u00f3 gal\u00e9ri\u00e1t \u00e1tadni nektek, melyben ugyan\u00fagy helye van a klasszikus, kamer\u00e1ba n\u00e9z\u0151 k\u00e9peknek, mint az elkapott pillanatoknak, mozdulatoknak.<\/span><br \/><span style=\"color: #ffffff;\">\u200b\u200b<\/span><br \/><span style=\"color: #ffffff;\">Ha szeretn\u00e9l term\u00e9szetes, \u00e9lettel, sz\u00ednekkel \u00e9s f\u00e9nyekkel teli k\u00e9peket magadr\u00f3l vagy a csal\u00e1dodr\u00f3l, keress b\u00e1tran a lenti el\u00e9rhet\u0151s\u00e9geimen.<\/span><\/p>\n<p>[\/et_pb_text][\/et_pb_column][\/et_pb_row][\/et_pb_section]<\/p>\n","protected":false},"excerpt":{"rendered":"<p>R\u00f3lam Krausz Nikolett vagyok \u00e9s gyermekem sz\u00fclet\u00e9s\u00e9t k\u00f6vet\u0151en j\u00f6ttem r\u00e1, hogy a kor\u00e1bbiakhoz k\u00e9pest kreat\u00edvabb \u00e9s k\u00f6tetlenebb munk\u00e1t szeretn\u00e9k, amivel m\u00e1snak is \u00f6r\u00f6m\u00f6t tudok okozni. Kor\u00e1bbi munkahelyeim egyike sem adta azt a szabads\u00e1got, amit a fot\u00f3z\u00e1s.Mindig is szerettem emberekkel foglalkozni, valamint \u00e9rdekelt a divat, smink \u00e9s frizura, a sz\u00e9ps\u00e9gipar vil\u00e1ga is. A fot\u00f3z\u00e1sban mindezt megtal\u00e1ltam [&hellip;]<\/p>\n","protected":false},"author":1,"featured_media":0,"parent":0,"menu_order":0,"comment_status":"closed","ping_status":"closed","template":"","meta":{"_et_pb_use_builder":"on","_et_pb_old_content":"<p>This is an example page. It's different from a blog post because it will stay in one place and will show up in your site navigation (in most themes). Most people start with an About page that introduces them to potential site visitors. It might say something like this:<\/p><blockquote><p>Hi there! I'm a bike messenger by day, aspiring actor by night, and this is my website. I live in Los Angeles, have a great dog named Jack, and I like pi\u00f1a coladas. (And gettin' caught in the rain.)<\/p><\/blockquote><p>...or something like this:<\/p><blockquote><p>The XYZ Doohickey Company was founded in 1971, and has been providing quality doohickeys to the public ever since. Located in Leicester City, XYZ employs over 2,000 people and does all kinds of awesome things for the Leicester community.<\/p><\/blockquote><p>As a new WordPress user, you should go to <a href=\"http:\/\/whitespace.divisoupdemos.com\/wp-admin\/\">your dashboard<\/a> to delete this page and create new pages for your content. Have fun!<\/p>","_et_gb_content_width":"","footnotes":""},"class_list":["post-175","page","type-page","status-publish","hentry"],"_links":{"self":[{"href":"https:\/\/krausznikiphotography.hu\/index.php\/wp-json\/wp\/v2\/pages\/175","targetHints":{"allow":["GET"]}}],"collection":[{"href":"https:\/\/krausznikiphotography.hu\/index.php\/wp-json\/wp\/v2\/pages"}],"about":[{"href":"https:\/\/krausznikiphotography.hu\/index.php\/wp-json\/wp\/v2\/types\/page"}],"author":[{"embeddable":true,"href":"https:\/\/krausznikiphotography.hu\/index.php\/wp-json\/wp\/v2\/users\/1"}],"replies":[{"embeddable":true,"href":"https:\/\/krausznikiphotography.hu\/index.php\/wp-json\/wp\/v2\/comments?post=175"}],"version-history":[{"count":9,"href":"https:\/\/krausznikiphotography.hu\/index.php\/wp-json\/wp\/v2\/pages\/175\/revisions"}],"predecessor-version":[{"id":554,"href":"https:\/\/krausznikiphotography.hu\/index.php\/wp-json\/wp\/v2\/pages\/175\/revisions\/554"}],"wp:attachment":[{"href":"https:\/\/krausznikiphotography.hu\/index.php\/wp-json\/wp\/v2\/media?parent=175"}],"curies":[{"name":"wp","href":"https:\/\/api.w.org\/{rel}","templated":true}]}}