{"id":284,"date":"2023-12-09T13:02:24","date_gmt":"2023-12-09T13:02:24","guid":{"rendered":"https:\/\/krausznikiphotography.hu\/?page_id=284"},"modified":"2024-01-15T13:23:06","modified_gmt":"2024-01-15T13:23:06","slug":"portre","status":"publish","type":"page","link":"https:\/\/krausznikiphotography.hu\/index.php\/portre\/","title":{"rendered":"Portr\u00e9k"},"content":{"rendered":"<p>[et_pb_section fb_built=&#8221;1&#8243; _builder_version=&#8221;4.23.1&#8243; _module_preset=&#8221;default&#8221; custom_css_free_form=&#8221;.sub-menu{||  display: block;||}&#8221; global_colors_info=&#8221;{}&#8221;][et_pb_row _builder_version=&#8221;4.23.1&#8243; _module_preset=&#8221;default&#8221; global_colors_info=&#8221;{}&#8221;][et_pb_column type=&#8221;4_4&#8243; _builder_version=&#8221;4.23.1&#8243; _module_preset=&#8221;default&#8221; global_colors_info=&#8221;{}&#8221;][et_pb_image src=&#8221;https:\/\/krausznikiphotography.hu\/wp-content\/uploads\/2024\/01\/portre.jpg&#8221; title_text=&#8221;portr\u00e9&#8221; _builder_version=&#8221;4.23.1&#8243; _module_preset=&#8221;default&#8221; width=&#8221;80%&#8221; custom_padding=&#8221;0px||0px||false|false&#8221; global_colors_info=&#8221;{}&#8221;][\/et_pb_image][et_pb_text _builder_version=&#8221;4.23.1&#8243; _module_preset=&#8221;default&#8221; background_color=&#8221;#333333&#8243; transform_translate=&#8221;37px|-236px&#8221; custom_padding=&#8221;40px|40px|40px|40px|false|false&#8221; animation_style=&#8221;fade&#8221; hover_enabled=&#8221;0&#8243; global_colors_info=&#8221;{}&#8221; sticky_enabled=&#8221;0&#8243;]<\/p>\n<h1><span style=\"color: #f4f4f4;\">Portr\u00e9<\/span><span style=\"color: #a3a3a3;\"><\/span><\/h1>\n<p>Mivel az\u00a0els\u0151 benyom\u00e1s rettent\u0151en fontos\u00a0a mai vil\u00e1gban, ez\u00e9rt sok m\u00falik azon a fot\u00f3n, amit online haszn\u00e1lsz. A portr\u00e9fot\u00f3z\u00e1s sor\u00e1n\u00a0seg\u00edtek megtal\u00e1lni\u00a0neked azokat a be\u00e1ll\u00edt\u00e1sokat \u00e9s\u00a0p\u00f3zokat, amik igaz\u00e1n\u00a0el\u0151ny\u00f6sek sz\u00e1modra.<\/p>\n<p>H\u00f6lgyeknek a\u00a0portr\u00e9fot\u00f3z\u00e1s el\u0151tt\u00a0mindenk\u00e9ppen aj\u00e1nlom a\u00a0sminkest, fodr\u00e1szt.<\/p>\n<p>\u00a0Gyere el akkor is, ha \u00fagy gondolod magadr\u00f3l, hogy egy\u00e1ltal\u00e1n nem vagy fotog\u00e9n, esetleg m\u00e9g sosem k\u00e9sz\u00fcltek r\u00f3lad\u00a0j\u00f3 fot\u00f3k. Term\u00e9szetesen rajtad is m\u00falik, hogy lehet-e r\u00f3lad j\u00f3 k\u00e9pet k\u00e9sz\u00edteni, de nem az adotts\u00e1gaidon, hanem azon, hogy mennyire \u00e9rzed j\u00f3l magad a fot\u00f3z\u00e1son.<\/p>\n<p>Portr\u00e9fot\u00f3z\u00e1s sor\u00e1n olyan fot\u00f3kat k\u00e9sz\u00edt\u00fcnk, amin kereszt\u00fcl te magad, a saj\u00e1t szem\u00e9lyis\u00e9ged k\u00f6sz\u00f6n vissza, amin kereszt\u00fcl bar\u00e1taid, \u00fcgyfeleid r\u00e1d ismernek, \u00faj \u00fcgyfeleid fel\u00e9 pedig bizalmat \u00e9s\u00a0szimp\u00e1ti\u00e1t\u00a0\u00e9p\u00edtesz.<\/p>\n<p>A portr\u00e9fot\u00f3z\u00e1s k\u00f6z\u00f6s munka, ami sor\u00e1n nem el\u00e9g a portr\u00e9fot\u00f3s szakmai tud\u00e1sa, nem el\u00e9g a j\u00f3 vil\u00e1g\u00edt\u00e1s, a st\u00fadi\u00f3technika \u00e9s a profi\u00a0f\u00e9nyk\u00e9pez\u0151g\u00e9p. Sz\u00fcks\u00e9ges a te sz\u00e1nd\u00e9kod, a figyelmed is.<\/p>\n<p>&nbsp;<\/p>\n<p>[\/et_pb_text][\/et_pb_column][\/et_pb_row][et_pb_row _builder_version=&#8221;4.23.1&#8243; _module_preset=&#8221;default&#8221; global_colors_info=&#8221;{}&#8221;][et_pb_column type=&#8221;4_4&#8243; _builder_version=&#8221;4.23.1&#8243; _module_preset=&#8221;default&#8221; global_colors_info=&#8221;{}&#8221;][\/et_pb_column][\/et_pb_row][\/et_pb_section]<\/p>\n","protected":false},"excerpt":{"rendered":"<p>Portr\u00e9 Mivel az\u00a0els\u0151 benyom\u00e1s rettent\u0151en fontos\u00a0a mai vil\u00e1gban, ez\u00e9rt sok m\u00falik azon a fot\u00f3n, amit online haszn\u00e1lsz. A portr\u00e9fot\u00f3z\u00e1s sor\u00e1n\u00a0seg\u00edtek megtal\u00e1lni\u00a0neked azokat a be\u00e1ll\u00edt\u00e1sokat \u00e9s\u00a0p\u00f3zokat, amik igaz\u00e1n\u00a0el\u0151ny\u00f6sek sz\u00e1modra. H\u00f6lgyeknek a\u00a0portr\u00e9fot\u00f3z\u00e1s el\u0151tt\u00a0mindenk\u00e9ppen aj\u00e1nlom a\u00a0sminkest, fodr\u00e1szt. \u00a0Gyere el akkor is, ha \u00fagy gondolod magadr\u00f3l, hogy egy\u00e1ltal\u00e1n nem vagy fotog\u00e9n, esetleg m\u00e9g sosem k\u00e9sz\u00fcltek r\u00f3lad\u00a0j\u00f3 fot\u00f3k. Term\u00e9szetesen rajtad [&hellip;]<\/p>\n","protected":false},"author":1,"featured_media":0,"parent":0,"menu_order":0,"comment_status":"closed","ping_status":"closed","template":"","meta":{"_et_pb_use_builder":"on","_et_pb_old_content":"","_et_gb_content_width":"","footnotes":""},"class_list":["post-284","page","type-page","status-publish","hentry"],"_links":{"self":[{"href":"https:\/\/krausznikiphotography.hu\/index.php\/wp-json\/wp\/v2\/pages\/284","targetHints":{"allow":["GET"]}}],"collection":[{"href":"https:\/\/krausznikiphotography.hu\/index.php\/wp-json\/wp\/v2\/pages"}],"about":[{"href":"https:\/\/krausznikiphotography.hu\/index.php\/wp-json\/wp\/v2\/types\/page"}],"author":[{"embeddable":true,"href":"https:\/\/krausznikiphotography.hu\/index.php\/wp-json\/wp\/v2\/users\/1"}],"replies":[{"embeddable":true,"href":"https:\/\/krausznikiphotography.hu\/index.php\/wp-json\/wp\/v2\/comments?post=284"}],"version-history":[{"count":11,"href":"https:\/\/krausznikiphotography.hu\/index.php\/wp-json\/wp\/v2\/pages\/284\/revisions"}],"predecessor-version":[{"id":559,"href":"https:\/\/krausznikiphotography.hu\/index.php\/wp-json\/wp\/v2\/pages\/284\/revisions\/559"}],"wp:attachment":[{"href":"https:\/\/krausznikiphotography.hu\/index.php\/wp-json\/wp\/v2\/media?parent=284"}],"curies":[{"name":"wp","href":"https:\/\/api.w.org\/{rel}","templated":true}]}}