{"id":287,"date":"2023-12-09T13:02:24","date_gmt":"2023-12-09T13:02:24","guid":{"rendered":"https:\/\/krausznikiphotography.hu\/?page_id=287"},"modified":"2024-01-15T13:16:57","modified_gmt":"2024-01-15T13:16:57","slug":"kismama","status":"publish","type":"page","link":"https:\/\/krausznikiphotography.hu\/index.php\/kismama\/","title":{"rendered":"Kismama"},"content":{"rendered":"<p>[et_pb_section fb_built=&#8221;1&#8243; _builder_version=&#8221;4.23.1&#8243; _module_preset=&#8221;default&#8221; global_colors_info=&#8221;{}&#8221;][et_pb_row _builder_version=&#8221;4.23.1&#8243; _module_preset=&#8221;default&#8221; global_colors_info=&#8221;{}&#8221;][et_pb_column type=&#8221;4_4&#8243; _builder_version=&#8221;4.23.1&#8243; _module_preset=&#8221;default&#8221; global_colors_info=&#8221;{}&#8221;][et_pb_image src=&#8221;https:\/\/krausznikiphotography.hu\/wp-content\/uploads\/2024\/01\/Kismama-scaled.jpg&#8221; title_text=&#8221;Kismama&#8221; _builder_version=&#8221;4.23.1&#8243; _module_preset=&#8221;default&#8221; width=&#8221;80%&#8221; global_colors_info=&#8221;{}&#8221;][\/et_pb_image][\/et_pb_column][\/et_pb_row][et_pb_row _builder_version=&#8221;4.23.1&#8243; _module_preset=&#8221;default&#8221; global_colors_info=&#8221;{}&#8221;][et_pb_column type=&#8221;4_4&#8243; _builder_version=&#8221;4.23.1&#8243; _module_preset=&#8221;default&#8221; global_colors_info=&#8221;{}&#8221;][et_pb_text _builder_version=&#8221;4.23.1&#8243; _module_preset=&#8221;default&#8221; background_color=&#8221;#333333&#8243; transform_translate=&#8221;25px|-234px&#8221; custom_padding=&#8221;40px|40px|40px|40px|false|false&#8221; animation_style=&#8221;fade&#8221; hover_enabled=&#8221;0&#8243; global_colors_info=&#8221;{}&#8221; sticky_enabled=&#8221;0&#8243;]<\/p>\n<h1><span style=\"color: #f3f3f3;\">Kismama<\/span><\/h1>\n<p><span style=\"color: #ffffff;\">Kismam\u00e1nak lenni a leg\u00e9rz\u00e9kenyebb id\u0151szak egy n\u0151 \u00e9let\u00e9ben. V\u00e1ltozik a test\u00fcnk, a hangulatunk, az<\/span><br \/><span style=\"color: #ffffff;\">eg\u00e9sz \u00e9let\u00fcnk m\u00e9rf\u00f6ldk\u0151h\u00f6z \u00e9rkezik.<\/span><br \/><span style=\"color: #ffffff;\">B\u00e1r mindenki m\u00e1s sz\u00e9pnek l\u00e1t egy kismam\u00e1t, mi magunk ink\u00e1bb k\u00e9nyelmetlen\u00fcl \u00e9rezz\u00fck magunkat,<\/span><br \/><span style=\"color: #ffffff;\">minden ruha szor\u00edt, \u00e9s ha tehetn\u00e9nk, 9 h\u00f3napon \u00e1t egy cicanadr\u00e1gban \u00e9s b\u0151 p\u00f3l\u00f3ban lenn\u00e9nk. M\u00e9gis<\/span><br \/><span style=\"color: #ffffff;\">olyan id\u0151szak ez, amire mindig eml\u00e9kezni szeretn\u00e9nk, \u00e9s j\u00f3 lenne, ha az eml\u00e9keinkben \u00e9s a fot\u00f3kon<\/span><br \/><span style=\"color: #ffffff;\">egy gy\u00f6ny\u00f6r\u0171 n\u0151 szerepelne csod\u00e1s pocakkal, sz\u00e9p sminkkel \u00e9s frizur\u00e1val, st\u00edlusos ruh\u00e1kban.<\/span><br \/><span style=\"color: #ffffff;\">A kismama fot\u00f3z\u00e1s kihagyhatatlan<\/span><br \/><span style=\"color: #ffffff;\">Ezen fot\u00f3z\u00e1sok sor\u00e1n a legszebb v\u00e1rakoz\u00e1st \u00f6r\u00f6k\u00edtj\u00fck meg \u00fagy, ahogy te szeretn\u00e9d. A fot\u00f3z\u00e1st a<\/span><br \/><span style=\"color: #ffffff;\">v\u00e1rand\u00f3ss\u00e1g 28-32. het\u00e9ben aj\u00e1nlom, mert ekkor m\u00e1r sz\u00e9pen l\u00e1tszik a pocak, de m\u00e9g a kismam\u00e1nak<\/span><br \/><span style=\"color: #ffffff;\">\u00e1ltal\u00e1ban nem esik nehez\u00e9re a mozg\u00e1s.<\/span><br \/><span style=\"color: #ffffff;\">V\u00e1laszthatunk k\u00fclt\u00e9ri helysz\u00ednt &#8211; ny\u00e1ron a naplement\u00e9ben &#8211; vagy egy gy\u00f6ny\u00f6r\u0171, t\u00f6bb termes st\u00fadi\u00f3ban<\/span><br \/><span style=\"color: #ffffff;\">is k\u00e9sz\u00fclhetnek a csod\u00e1latos \u00e9s eml\u00e9kezetes k\u00e9pek. P\u00e1rodat \u00e9s ha van m\u00e1r gyermeked, term\u00e9szetesen<\/span><br \/><span style=\"color: #ffffff;\">elhozhatod a fot\u00f3z\u00e1sra!<\/span><br \/><span style=\"color: #ffffff;\">Professzion\u00e1lis sminket \u00e9s frizur\u00e1t n\u00e9lk\u00fcl\u00f6zhetetlennek tartom, hiszen a t\u00f6k\u00e9letes k\u00e9pekhez<\/span><br \/><span style=\"color: #ffffff;\">elengedhetetlen.<\/span><\/p>\n<p>[\/et_pb_text][\/et_pb_column][\/et_pb_row][\/et_pb_section]<\/p>\n","protected":false},"excerpt":{"rendered":"<p>Kismama Kismam\u00e1nak lenni a leg\u00e9rz\u00e9kenyebb id\u0151szak egy n\u0151 \u00e9let\u00e9ben. V\u00e1ltozik a test\u00fcnk, a hangulatunk, azeg\u00e9sz \u00e9let\u00fcnk m\u00e9rf\u00f6ldk\u0151h\u00f6z \u00e9rkezik.B\u00e1r mindenki m\u00e1s sz\u00e9pnek l\u00e1t egy kismam\u00e1t, mi magunk ink\u00e1bb k\u00e9nyelmetlen\u00fcl \u00e9rezz\u00fck magunkat,minden ruha szor\u00edt, \u00e9s ha tehetn\u00e9nk, 9 h\u00f3napon \u00e1t egy cicanadr\u00e1gban \u00e9s b\u0151 p\u00f3l\u00f3ban lenn\u00e9nk. M\u00e9gisolyan id\u0151szak ez, amire mindig eml\u00e9kezni szeretn\u00e9nk, \u00e9s j\u00f3 lenne, ha [&hellip;]<\/p>\n","protected":false},"author":1,"featured_media":0,"parent":0,"menu_order":0,"comment_status":"closed","ping_status":"closed","template":"","meta":{"_et_pb_use_builder":"on","_et_pb_old_content":"","_et_gb_content_width":"","footnotes":""},"class_list":["post-287","page","type-page","status-publish","hentry"],"_links":{"self":[{"href":"https:\/\/krausznikiphotography.hu\/index.php\/wp-json\/wp\/v2\/pages\/287","targetHints":{"allow":["GET"]}}],"collection":[{"href":"https:\/\/krausznikiphotography.hu\/index.php\/wp-json\/wp\/v2\/pages"}],"about":[{"href":"https:\/\/krausznikiphotography.hu\/index.php\/wp-json\/wp\/v2\/types\/page"}],"author":[{"embeddable":true,"href":"https:\/\/krausznikiphotography.hu\/index.php\/wp-json\/wp\/v2\/users\/1"}],"replies":[{"embeddable":true,"href":"https:\/\/krausznikiphotography.hu\/index.php\/wp-json\/wp\/v2\/comments?post=287"}],"version-history":[{"count":6,"href":"https:\/\/krausznikiphotography.hu\/index.php\/wp-json\/wp\/v2\/pages\/287\/revisions"}],"predecessor-version":[{"id":555,"href":"https:\/\/krausznikiphotography.hu\/index.php\/wp-json\/wp\/v2\/pages\/287\/revisions\/555"}],"wp:attachment":[{"href":"https:\/\/krausznikiphotography.hu\/index.php\/wp-json\/wp\/v2\/media?parent=287"}],"curies":[{"name":"wp","href":"https:\/\/api.w.org\/{rel}","templated":true}]}}