{"id":288,"date":"2023-12-09T13:02:25","date_gmt":"2023-12-09T13:02:25","guid":{"rendered":"https:\/\/krausznikiphotography.hu\/?page_id=288"},"modified":"2024-01-15T13:17:58","modified_gmt":"2024-01-15T13:17:58","slug":"csaladi","status":"publish","type":"page","link":"https:\/\/krausznikiphotography.hu\/index.php\/csaladi\/","title":{"rendered":"Csal\u00e1di"},"content":{"rendered":"<p>[et_pb_section fb_built=&#8221;1&#8243; _builder_version=&#8221;4.23.1&#8243; _module_preset=&#8221;default&#8221; global_colors_info=&#8221;{}&#8221;][et_pb_row _builder_version=&#8221;4.23.1&#8243; _module_preset=&#8221;default&#8221; global_colors_info=&#8221;{}&#8221;][et_pb_column type=&#8221;4_4&#8243; _builder_version=&#8221;4.23.1&#8243; _module_preset=&#8221;default&#8221; global_colors_info=&#8221;{}&#8221;][et_pb_image src=&#8221;https:\/\/krausznikiphotography.hu\/wp-content\/uploads\/2024\/01\/Csaladi-scaled.jpg&#8221; title_text=&#8221;Csal\u00e1di&#8221; _builder_version=&#8221;4.23.1&#8243; _module_preset=&#8221;default&#8221; global_colors_info=&#8221;{}&#8221;][\/et_pb_image][\/et_pb_column][\/et_pb_row][et_pb_row _builder_version=&#8221;4.23.1&#8243; _module_preset=&#8221;default&#8221; global_colors_info=&#8221;{}&#8221;][et_pb_column type=&#8221;4_4&#8243; _builder_version=&#8221;4.23.1&#8243; _module_preset=&#8221;default&#8221; global_colors_info=&#8221;{}&#8221;][et_pb_text _builder_version=&#8221;4.23.1&#8243; _module_preset=&#8221;default&#8221; background_color=&#8221;#333333&#8243; transform_translate=&#8221;-51px|-209px&#8221; custom_padding=&#8221;40px|40px|40px|40px|false|false&#8221; animation_style=&#8221;fade&#8221; hover_enabled=&#8221;0&#8243; global_colors_info=&#8221;{}&#8221; sticky_enabled=&#8221;0&#8243;]<\/p>\n<h1><span style=\"color: #f3f3f3;\">Csal\u00e1d \u00e9s gyermek<\/span><\/h1>\n<p><span style=\"color: #ffffff;\">A fot\u00f3z\u00e1s &#8211; annak t\u00e9m\u00e1j\u00e1hoz igaz\u00edtottan \u2013 eszt\u00e9tikusan berendezett st\u00fadi\u00f3ban, vagy k\u00fcls\u0151 helysz\u00ednen is<\/span><br \/><span style=\"color: #ffffff;\">t\u00f6rt\u00e9nhet, amely sor\u00e1n \u00f6lt\u00f6z\u00e9ket nem biztos\u00edtok, ugyanakkor a ruhav\u00e1laszt\u00e1sban sz\u00edvesen adok<\/span><br \/><span style=\"color: #ffffff;\">tan\u00e1csot, tov\u00e1bb\u00e1 stylistot\u00a0, valamint szettet tudok aj\u00e1nlani. A ruha v\u00e1laszt\u00e1s a fot\u00f3z\u00e1sokon kiemelten<\/span><br \/><span style=\"color: #ffffff;\">fontos, egy rosszul \u00f6sszev\u00e1logatott szett, ami nem megy a helysz\u00edn\u00fcnkh\u00f6z, sajnos el tudja rontani az<\/span><br \/><span style=\"color: #ffffff;\">eg\u00e9sz sorozatot.<\/span><\/p>\n<p>[\/et_pb_text][\/et_pb_column][\/et_pb_row][\/et_pb_section]<\/p>\n","protected":false},"excerpt":{"rendered":"<p>Csal\u00e1d \u00e9s gyermek A fot\u00f3z\u00e1s &#8211; annak t\u00e9m\u00e1j\u00e1hoz igaz\u00edtottan \u2013 eszt\u00e9tikusan berendezett st\u00fadi\u00f3ban, vagy k\u00fcls\u0151 helysz\u00ednen ist\u00f6rt\u00e9nhet, amely sor\u00e1n \u00f6lt\u00f6z\u00e9ket nem biztos\u00edtok, ugyanakkor a ruhav\u00e1laszt\u00e1sban sz\u00edvesen adoktan\u00e1csot, tov\u00e1bb\u00e1 stylistot\u00a0, valamint szettet tudok aj\u00e1nlani. A ruha v\u00e1laszt\u00e1s a fot\u00f3z\u00e1sokon kiemeltenfontos, egy rosszul \u00f6sszev\u00e1logatott szett, ami nem megy a helysz\u00edn\u00fcnkh\u00f6z, sajnos el tudja rontani azeg\u00e9sz sorozatot.<\/p>\n","protected":false},"author":1,"featured_media":0,"parent":0,"menu_order":0,"comment_status":"closed","ping_status":"closed","template":"","meta":{"_et_pb_use_builder":"on","_et_pb_old_content":"","_et_gb_content_width":"","footnotes":""},"class_list":["post-288","page","type-page","status-publish","hentry"],"_links":{"self":[{"href":"https:\/\/krausznikiphotography.hu\/index.php\/wp-json\/wp\/v2\/pages\/288","targetHints":{"allow":["GET"]}}],"collection":[{"href":"https:\/\/krausznikiphotography.hu\/index.php\/wp-json\/wp\/v2\/pages"}],"about":[{"href":"https:\/\/krausznikiphotography.hu\/index.php\/wp-json\/wp\/v2\/types\/page"}],"author":[{"embeddable":true,"href":"https:\/\/krausznikiphotography.hu\/index.php\/wp-json\/wp\/v2\/users\/1"}],"replies":[{"embeddable":true,"href":"https:\/\/krausznikiphotography.hu\/index.php\/wp-json\/wp\/v2\/comments?post=288"}],"version-history":[{"count":5,"href":"https:\/\/krausznikiphotography.hu\/index.php\/wp-json\/wp\/v2\/pages\/288\/revisions"}],"predecessor-version":[{"id":556,"href":"https:\/\/krausznikiphotography.hu\/index.php\/wp-json\/wp\/v2\/pages\/288\/revisions\/556"}],"wp:attachment":[{"href":"https:\/\/krausznikiphotography.hu\/index.php\/wp-json\/wp\/v2\/media?parent=288"}],"curies":[{"name":"wp","href":"https:\/\/api.w.org\/{rel}","templated":true}]}}