{"id":289,"date":"2023-12-09T13:02:25","date_gmt":"2023-12-09T13:02:25","guid":{"rendered":"https:\/\/krausznikiphotography.hu\/?page_id=289"},"modified":"2024-01-15T13:18:39","modified_gmt":"2024-01-15T13:18:39","slug":"ujszulott","status":"publish","type":"page","link":"https:\/\/krausznikiphotography.hu\/index.php\/ujszulott\/","title":{"rendered":"\u00dajsz\u00fcl\u00f6tt"},"content":{"rendered":"<p>[et_pb_section fb_built=&#8221;1&#8243; _builder_version=&#8221;4.23.1&#8243; _module_preset=&#8221;default&#8221; global_colors_info=&#8221;{}&#8221;][et_pb_row _builder_version=&#8221;4.23.1&#8243; _module_preset=&#8221;default&#8221; global_colors_info=&#8221;{}&#8221;][et_pb_column type=&#8221;4_4&#8243; _builder_version=&#8221;4.23.1&#8243; _module_preset=&#8221;default&#8221; global_colors_info=&#8221;{}&#8221;][et_pb_image src=&#8221;https:\/\/krausznikiphotography.hu\/wp-content\/uploads\/2024\/01\/Ujszulott.jpg&#8221; title_text=&#8221;\u00dajsz\u00fcl\u0151tt&#8221; _builder_version=&#8221;4.23.1&#8243; _module_preset=&#8221;default&#8221; global_colors_info=&#8221;{}&#8221;][\/et_pb_image][\/et_pb_column][\/et_pb_row][et_pb_row _builder_version=&#8221;4.23.1&#8243; _module_preset=&#8221;default&#8221; global_colors_info=&#8221;{}&#8221;][et_pb_column type=&#8221;4_4&#8243; _builder_version=&#8221;4.23.1&#8243; _module_preset=&#8221;default&#8221; global_colors_info=&#8221;{}&#8221;][et_pb_text _builder_version=&#8221;4.23.1&#8243; _module_preset=&#8221;default&#8221; background_color=&#8221;#333333&#8243; transform_translate=&#8221;41px|-125px&#8221; custom_padding=&#8221;40px|40px|40px|40px|false|false&#8221; animation_style=&#8221;fade&#8221; hover_enabled=&#8221;0&#8243; global_colors_info=&#8221;{}&#8221; sticky_enabled=&#8221;0&#8243;]<\/p>\n<h1><span style=\"color: #f3f3f3;\">\u00dajsz\u00fcl\u00f6tt<\/span><\/h1>\n<p><span style=\"color: #ffffff;\">Az \u00fajsz\u00fcl\u00f6tt fot\u00f3z\u00e1st st\u00fadi\u00f3ban vagy a saj\u00e1t otthonotokban k\u00e9sz\u00edtem a legnagyobb k\u00f6r\u00fcltekint\u00e9s \u00e9s<\/span><br \/><span style=\"color: #ffffff;\">odafigyel\u00e9s mellett. A legalkalmasabb id\u0151 az \u00fajsz\u00fcl\u00f6ttek fot\u00f3z\u00e1s\u00e1ra a baba sz\u00fclet\u00e9s\u00e9t k\u00f6vet\u0151 els\u0151 k\u00e9t<\/span><br \/><span style=\"color: #ffffff;\">h\u00e9t. Fot\u00f3z\u00e1suk egy gy\u00f6ny\u00f6r\u0171 m\u00f3dja annak, hogy meg\u00f6r\u00f6k\u00edts\u00fck a baba els\u0151 heteit, mely sor\u00e1n<\/span><br \/><span style=\"color: #ffffff;\">k\u00fcl\u00f6nb\u00f6z\u0151 term\u00e9szetes \u00e9s egyszer\u0171 p\u00f3zokat haszn\u00e1lok, annak \u00e9rdek\u00e9ben, hogy a kisded mindv\u00e9gig<\/span><br \/><span style=\"color: #ffffff;\">k\u00e9nyelmesen \u00e9rezze mag\u00e1t. Az id\u0151 m\u00fal\u00e1s\u00e1val ezek a k\u00fcl\u00f6nleges, megism\u00e9telhetetlen \u00e9s soha vissza<\/span><br \/><span style=\"color: #ffffff;\">nem t\u00e9r\u0151 pillanatk\u00e9pek fel\u00e9rt\u00e9kel\u0151dnek.<\/span><br \/><span style=\"color: #ffffff;\">A fot\u00f3z\u00e1suk ak\u00e1r 2-3 \u00f3r\u00e1t is ig\u00e9nybe vehet, \u00e9s mindenk\u00e9ppen a d\u00e9lel\u0151tti napszakba javasolt tervezni,<\/span><br \/><span style=\"color: #ffffff;\">mivel jellemz\u0151en d\u00e9lel\u0151tt nyugodtabbak \u00e9s a f\u00e9nyviszonyok is kedvez\u0151bbek, amely nagyban seg\u00edti a<\/span><br \/><span style=\"color: #ffffff;\">k\u00e9pek min\u0151s\u00e9g\u00e9t.<\/span><\/p>\n<p>[\/et_pb_text][\/et_pb_column][\/et_pb_row][\/et_pb_section]<\/p>\n","protected":false},"excerpt":{"rendered":"<p>\u00dajsz\u00fcl\u00f6tt Az \u00fajsz\u00fcl\u00f6tt fot\u00f3z\u00e1st st\u00fadi\u00f3ban vagy a saj\u00e1t otthonotokban k\u00e9sz\u00edtem a legnagyobb k\u00f6r\u00fcltekint\u00e9s \u00e9sodafigyel\u00e9s mellett. A legalkalmasabb id\u0151 az \u00fajsz\u00fcl\u00f6ttek fot\u00f3z\u00e1s\u00e1ra a baba sz\u00fclet\u00e9s\u00e9t k\u00f6vet\u0151 els\u0151 k\u00e9th\u00e9t. Fot\u00f3z\u00e1suk egy gy\u00f6ny\u00f6r\u0171 m\u00f3dja annak, hogy meg\u00f6r\u00f6k\u00edts\u00fck a baba els\u0151 heteit, mely sor\u00e1nk\u00fcl\u00f6nb\u00f6z\u0151 term\u00e9szetes \u00e9s egyszer\u0171 p\u00f3zokat haszn\u00e1lok, annak \u00e9rdek\u00e9ben, hogy a kisded mindv\u00e9gigk\u00e9nyelmesen \u00e9rezze mag\u00e1t. Az id\u0151 [&hellip;]<\/p>\n","protected":false},"author":1,"featured_media":0,"parent":0,"menu_order":0,"comment_status":"closed","ping_status":"closed","template":"","meta":{"_et_pb_use_builder":"on","_et_pb_old_content":"","_et_gb_content_width":"","footnotes":""},"class_list":["post-289","page","type-page","status-publish","hentry"],"_links":{"self":[{"href":"https:\/\/krausznikiphotography.hu\/index.php\/wp-json\/wp\/v2\/pages\/289","targetHints":{"allow":["GET"]}}],"collection":[{"href":"https:\/\/krausznikiphotography.hu\/index.php\/wp-json\/wp\/v2\/pages"}],"about":[{"href":"https:\/\/krausznikiphotography.hu\/index.php\/wp-json\/wp\/v2\/types\/page"}],"author":[{"embeddable":true,"href":"https:\/\/krausznikiphotography.hu\/index.php\/wp-json\/wp\/v2\/users\/1"}],"replies":[{"embeddable":true,"href":"https:\/\/krausznikiphotography.hu\/index.php\/wp-json\/wp\/v2\/comments?post=289"}],"version-history":[{"count":5,"href":"https:\/\/krausznikiphotography.hu\/index.php\/wp-json\/wp\/v2\/pages\/289\/revisions"}],"predecessor-version":[{"id":557,"href":"https:\/\/krausznikiphotography.hu\/index.php\/wp-json\/wp\/v2\/pages\/289\/revisions\/557"}],"wp:attachment":[{"href":"https:\/\/krausznikiphotography.hu\/index.php\/wp-json\/wp\/v2\/media?parent=289"}],"curies":[{"name":"wp","href":"https:\/\/api.w.org\/{rel}","templated":true}]}}